{"id":4227,"date":"2025-08-04T20:34:40","date_gmt":"2025-08-04T18:34:40","guid":{"rendered":"https:\/\/bayonet.invette.dev\/produkt\/pasamon-ts568-38-tasma-poliamidowa-miekka-38mm-rozne-kolory\/"},"modified":"2025-08-04T20:34:45","modified_gmt":"2025-08-04T18:34:45","slug":"pasamon-ts568-38-tasma-poliamidowa-miekka-38mm-rozne-kolory-2","status":"publish","type":"product","link":"https:\/\/bayonet.invette.dev\/en\/product\/pasamon-ts568-38-tasma-poliamidowa-miekka-38mm-rozne-kolory-2\/","title":{"rendered":"Pasamon TS568\/38 ta\u015bma poliamidowa &#8211; mi\u0119kka 38mm &#8211; r\u00f3\u017cne kolory"},"content":{"rendered":"<p>Webbing sell in whole meters<\/p>\n<ul>\n<li>\n<p><span style=\"font-size:small;\"><span style=\"font-family:Tahoma;\">Webbing polyamide Pa6,<\/span><\/span><\/p>\n<\/li>\n<li>\n<p><span style=\"font-size:small;\"><span style=\"font-family:Tahoma;\">Strength 20kN (in simplification 1200 kg \/ 2400 lbs),<br \/><\/span><\/span><\/p>\n<\/li>\n<li>\n<p><span style=\"font-size:small;\"><span style=\"font-family:Tahoma;\">Webbing thickness 1,4mm,<\/span><\/span><\/p>\n<\/li>\n<li>Soft<\/li>\n<\/ul>\n<p>Please note, not every colors are available in every width, you can choose color if available from palette. On the photo we show all available colors in size 44mm.<br \/>\u00a0<\/p>\n<p>\u00a0<\/p>\n","protected":false},"excerpt":{"rendered":"<p>Polyamide webbing medium-rigid, 1,4mm thick, strength about 1200kg (2400lbs)<\/p>\n<p>\u00a0<\/p>\n","protected":false},"featured_media":4225,"comment_status":"closed","ping_status":"open","template":"","meta":{"_acf_changed":false},"product_brand":[],"product_cat":[1907,1908],"product_tag":[],"class_list":{"0":"post-4227","1":"product","2":"type-product","3":"status-publish","4":"has-post-thumbnail","6":"product_cat-haberdashery","7":"product_cat-polyamide-webbing","9":"first","10":"outofstock","11":"purchasable","12":"product-type-simple"},"acf":[],"aioseo_notices":[],"_links":{"self":[{"href":"https:\/\/bayonet.invette.dev\/en\/wp-json\/wp\/v2\/product\/4227","targetHints":{"allow":["GET"]}}],"collection":[{"href":"https:\/\/bayonet.invette.dev\/en\/wp-json\/wp\/v2\/product"}],"about":[{"href":"https:\/\/bayonet.invette.dev\/en\/wp-json\/wp\/v2\/types\/product"}],"replies":[{"embeddable":true,"href":"https:\/\/bayonet.invette.dev\/en\/wp-json\/wp\/v2\/comments?post=4227"}],"wp:featuredmedia":[{"embeddable":true,"href":"https:\/\/bayonet.invette.dev\/en\/wp-json\/wp\/v2\/media\/4225"}],"wp:attachment":[{"href":"https:\/\/bayonet.invette.dev\/en\/wp-json\/wp\/v2\/media?parent=4227"}],"wp:term":[{"taxonomy":"product_brand","embeddable":true,"href":"https:\/\/bayonet.invette.dev\/en\/wp-json\/wp\/v2\/product_brand?post=4227"},{"taxonomy":"product_cat","embeddable":true,"href":"https:\/\/bayonet.invette.dev\/en\/wp-json\/wp\/v2\/product_cat?post=4227"},{"taxonomy":"product_tag","embeddable":true,"href":"https:\/\/bayonet.invette.dev\/en\/wp-json\/wp\/v2\/product_tag?post=4227"}],"curies":[{"name":"wp","href":"https:\/\/api.w.org\/{rel}","templated":true}]}}