{"id":5775,"date":"2025-08-04T20:48:15","date_gmt":"2025-08-04T18:48:15","guid":{"rendered":"https:\/\/bayonet.invette.dev\/produkt\/tg-4-mag-dump-pouch-m4-ak-short-multicam\/"},"modified":"2025-08-04T20:48:24","modified_gmt":"2025-08-04T18:48:24","slug":"tg-4-mag-dump-pouch-m4-ak-short-multicam","status":"publish","type":"product","link":"https:\/\/bayonet.invette.dev\/en\/product\/tg-4-mag-dump-pouch-m4-ak-short-multicam\/","title":{"rendered":"TG 4-Mag Dump Pouch M4\/AK (short) MULTICAM"},"content":{"rendered":"<p>Kod EAN13: <\/p>\n<p>&#8216;<\/p>\n<h2><span class=\"VIiyi\" lang=\"pl\"><span class=\"JLqJ4b ChMk0b\"><span class=\"Q4iAWc\">Worek zrzutowy Templar&#8221;s Gear &#8220;Dump Bag Short&#8221; Multicam<\/span><\/span><\/span><\/h2>\n<p><span class=\"VIiyi\" lang=\"pl\"><span class=\"JLqJ4b ChMk0b\"><span class=\"Q4iAWc\">Konstrukcja pozwala na wygodne przechowywanie do 4 magazynk\u00f3w do karabink\u00f3w AR\/AK.<\/span><\/span> <\/span><\/p>\n<p><span class=\"VIiyi\" lang=\"pl\"><span class=\"JLqJ4b ChMk0b\"><span class=\"Q4iAWc\">Ko\u0142nierz worka zrzutowego posiada elastyczny \u015bci\u0105gacz (wielko\u015b\u0107 otworu jest regulowana), a metalowe usztywnienie zapewnia kszta\u0142t otworu u\u0142atwiaj\u0105cy wrzucanie magazynk\u00f3w.<\/span><\/span> <\/span><\/p>\n<p><span class=\"VIiyi\" lang=\"pl\"><span class=\"JLqJ4b ChMk0b\"><span class=\"Q4iAWc\">Sp\u00f3d wykonany z siatki konstrukcyjnej, dzi\u0119ki czemu z brudne magazynki nie powoduj\u0105 zbierania piasku i kurzu w worku.<\/span><\/span> <\/span><\/p>\n<p><span class=\"VIiyi\" lang=\"pl\"><span class=\"JLqJ4b ChMk0b\"><span class=\"Q4iAWc\">Kszta\u0142t worka zrzutowego pozwala na zwini\u0119cie go lub ca\u0142kowite skompresowanie do ma\u0142ej kostki (zabezpieczonej klapk\u0105 z rzepem).<\/span><\/span> <\/span><\/p>\n<p><span class=\"VIiyi\" lang=\"pl\"><span class=\"JLqJ4b ChMk0b\"><span class=\"Q4iAWc\">Worek zrzutowy jest kompatybilny z MOLLE i pasuje do ta\u015bm PALS.<\/span><\/span><\/span><\/p>\n<h3><strong>Cechy worka zrzutowego:<\/strong><\/h3>\n<ul>\n<li>Ko\u0142nierz ze \u015bci\u0105gaczem przeciwdzia\u0142aj\u0105cy wypadaniu magazynk\u00f3w w czasie przemieszczania,<\/li>\n<li>Sztywnik ze stali nierdzewnej utrzymuje kszta\u0142tu otworu po roz\u0142o\u017ceniu,<\/li>\n<li>Cztery sposoby u\u017cytkowania worka: w pe\u0142ni roz\u0142o\u017cony\/ z zabezpieczonym otworem wrzutowym\/ zrolowany\/ w pe\u0142ni skompresowany,<\/li>\n<li>Dno z siatki pozwala na oczyszczanie magazynk\u00f3w,<\/li>\n<li><span class=\"text_exposed_show\">Lekki system monta\u017cowy zgodny ze standardem MOLLE<\/span><\/li>\n<li><span class=\"text_exposed_show\">Mo\u017cliwo\u015b\u0107 troczenia bez dodatkowych adapter\u00f3w do pas\u00f3w Storm i Assault<br \/><\/span><\/li>\n<li>Wymiary po roz\u0142o\u017ceniu:\u00a020 x 20 x 8 cm (d\u0142. x szer. x g\u0142.)<\/li>\n<\/ul>\n<h2>Zestaw pasa strzeleckiego do strzelania bojowego &#8211; polecana konfiguracja<\/h2>\n<ul>\n<li>Pas<span class=\"text_exposed_show\"> Storm Bayonet Ranger Green (<a href=\"https:\/\/bayonet.pl\/pl\/p\/Pas-taktyczny-Storm-ranger-green-sztywny-z-komorkami-PALS-do-MOLLE-z-pasem-wewnetrznym-z-metalowa-klamra-Cobra-18kN-D-ring\/23044197\" target=\"_blank\">Link<\/a>) lub Coyote Brown (<a href=\"https:\/\/bayonet.pl\/pl\/p\/Pas-taktyczny-Storm-COYOTE-brown-sztywny-z-komorkami-PALS-do-MOLLE-z-pasem-wewnetrznym-z-metalowa-klamra-Cobra-18kN-D-ring\/23044199\" target=\"_blank\">Link<\/a>) &#8211; pas zak\u0142adamy tak, aby ko\u0144c\u00f3wka regulowana pasa by\u0142a po stronie kabury pistoletowej.<br \/><\/span><\/li>\n<li><span class=\"text_exposed_show\">Pokrowiec na staz\u0119 taktyczn\u0105 (opask\u0119 zaciskow\u0105) (<a href=\"https:\/\/bayonet.pl\/pl\/p\/TG-Pokrowiec-na-staze-taktyczna-opaske-uciskowa-MULTICAM\/23044242\" target=\"_blank\">Link<\/a>) &#8211; montowany po przeciwnej stronie ni\u017c kabura pistoletu, jak najbli\u017cej klamry Cobra, tak aby mo\u017cna dosta\u0107 do stazy r\u0119k\u0105 lew\u0105 lub praw\u0105.<br \/><\/span><\/li>\n<li><span class=\"text_exposed_show\">2 \u0142adownice do magazynk\u00f3w pistoletowych (lub jedna podw\u00f3jna) (<a href=\"https:\/\/bayonet.pl\/pl\/p\/GTG-Ladownica-podwojna-do-magazynkow-pistoletowych-dwurzedowych-typu-GLOCK-17-MULTICAM-w-systemie-MOLLE-zapinana-na-pas-w-systemie-PALS\/23044187\" target=\"_blank\">Link<\/a>) &#8211; montowane po przeciwnej stronie ni\u017c kabura pistoletu, za pokrowcem na staz\u0119 taktyczn\u0105. Przy pasie L i wi\u0119kszym, mo\u017cna zostawi\u0107 jedno oczko PALLS luzu, pomi\u0119dzy pokrowcem na staz\u0119 i \u0142adownicami. <\/span><\/li>\n<li><span class=\"text_exposed_show\">2 \u0142adownice do magazynk\u00f3w karabinowych (<a href=\"https:\/\/bayonet.pl\/pl\/p\/GTG-Ladownica-do-magazynkow-30-nabojowych-M4AR15-MULTICAM-w-systemie-MOLLE-zapinana-na-pas-w-systemie-PALS\/23043944\" target=\"_blank\">Link<\/a>) &#8211; montowane po przeciwnej stronie ni\u017c kabura pistoletu, za \u0142adownicami pistoletowym.<\/span><\/li>\n<li><span class=\"text_exposed_show\">Przy mniejszym obwodzie pasa lub wi\u0119kszej ilo\u015bci akcesori\u00f3w sprawdz\u0105 si\u0119 2 \u0142adownice podw\u00f3jne karabinowo-pistoletowe (<a href=\"https:\/\/bayonet.pl\/pl\/p\/TG-Ladownica-podwojna-do-magazynkow-karabinowych-30-nabojowych-i-pistoletowych-dwurzedowych-MULTICAM\/23044245\" target=\"_blank\">Link<\/a>) &#8211; montowane na biodrze, lekko z przodu.<\/span><\/li>\n<li><span class=\"text_exposed_show\">Worek zrzutowy (<a href=\"https:\/\/bayonet.pl\/pl\/p\/GTG-Worek-zrzutowy-MULTICAM-w-systemie-MOLLE-zapinany-na-pas-z-systemem-PALS-na-4-magazynki-M4AK\/23044193\" target=\"_blank\">Link<\/a>) (<a href=\"https:\/\/bayonet.pl\/pl\/p\/TG-Worek-zrzutowy-na-4-magazynki-M4AK-krotki-MULTICAM\/23044241\" target=\"_blank\">Link 2<\/a>) &#8211; montowany za \u0142adownicami karabinowymi, jak najbli\u017cej, aby r\u0119ka si\u0119gaj\u0105ca po magazynki mia\u0142a \u0142atwy dost\u0119p do worka zrzutowego.<\/span><\/li>\n<\/ul>\n<p><strong>UWAGA!<\/strong> Ze wzgl\u0119du na produkcj\u0119 ma\u0142oseryjn\u0105, poszczeg\u00f3lne elementy zestawu mog\u0105 si\u0119 minimalnie r\u00f3\u017cni\u0107 w stosunku do przedstawionych na zdj\u0119ciach, r\u00f3\u017cnice mog\u0105 dotyczy\u0107 np. metki, sposobu zaszycia, bez wp\u0142ywu na og\u00f3ln\u0105 funkcjonalno\u015b\u0107 produktu.<\/p>\n<p>&#8216;<\/p>\n","protected":false},"excerpt":{"rendered":"<p>Worek zrzutowy na 4 magazynki karabinowe.<br \/>Montowany na ta\u015bmach PALS w systemie MOLLE.<br \/> Usztywniony ko\u0142nierz u\u0142atwia wrzucania magazynk\u00f3w.<br \/> Siatka na spodzie powoduje samoistne oczyszczanie magazynk\u00f3w.<\/p>\n","protected":false},"featured_media":5771,"comment_status":"closed","ping_status":"open","template":"","meta":{"_acf_changed":false},"product_brand":[],"product_cat":[1901,2043,2042],"product_tag":[],"class_list":{"0":"post-5775","1":"product","2":"type-product","3":"status-publish","4":"has-post-thumbnail","6":"product_cat-bayonet-belts","7":"product_cat-pouch-for-pistol-and-carabin","8":"product_cat-pouch-for-pistol-and-carabin-bayonet-belts","10":"first","11":"outofstock","12":"purchasable","13":"product-type-simple"},"acf":[],"aioseo_notices":[],"_links":{"self":[{"href":"https:\/\/bayonet.invette.dev\/en\/wp-json\/wp\/v2\/product\/5775","targetHints":{"allow":["GET"]}}],"collection":[{"href":"https:\/\/bayonet.invette.dev\/en\/wp-json\/wp\/v2\/product"}],"about":[{"href":"https:\/\/bayonet.invette.dev\/en\/wp-json\/wp\/v2\/types\/product"}],"replies":[{"embeddable":true,"href":"https:\/\/bayonet.invette.dev\/en\/wp-json\/wp\/v2\/comments?post=5775"}],"wp:featuredmedia":[{"embeddable":true,"href":"https:\/\/bayonet.invette.dev\/en\/wp-json\/wp\/v2\/media\/5771"}],"wp:attachment":[{"href":"https:\/\/bayonet.invette.dev\/en\/wp-json\/wp\/v2\/media?parent=5775"}],"wp:term":[{"taxonomy":"product_brand","embeddable":true,"href":"https:\/\/bayonet.invette.dev\/en\/wp-json\/wp\/v2\/product_brand?post=5775"},{"taxonomy":"product_cat","embeddable":true,"href":"https:\/\/bayonet.invette.dev\/en\/wp-json\/wp\/v2\/product_cat?post=5775"},{"taxonomy":"product_tag","embeddable":true,"href":"https:\/\/bayonet.invette.dev\/en\/wp-json\/wp\/v2\/product_tag?post=5775"}],"curies":[{"name":"wp","href":"https:\/\/api.w.org\/{rel}","templated":true}]}}