{"id":7575,"date":"2025-08-04T21:03:30","date_gmt":"2025-08-04T19:03:30","guid":{"rendered":"https:\/\/bayonet.invette.dev\/produkt\/kong-ana-46-black-anodized-round-frame-o-ring-25kn-internal-size-46mm-allows-for-the-distribution-of-the-carabiner-ropes-webbing-at-any-angle\/"},"modified":"2025-08-04T21:03:44","modified_gmt":"2025-08-04T19:03:44","slug":"kong-ana-46-black-anodized-round-frame-o-ring-25kn-internal-size-46mm-allows-for-the-distribution-of-the-carabiner-ropes-webbing-at-any-angle","status":"publish","type":"product","link":"https:\/\/bayonet.invette.dev\/en\/product\/kong-ana-46-black-anodized-round-frame-o-ring-25kn-internal-size-46mm-allows-for-the-distribution-of-the-carabiner-ropes-webbing-at-any-angle\/","title":{"rendered":"Kong ANA 46 Black anodized round frame O-Ring 25kN internal size 46mm allows for the distribution of the carabiner ropes webbing at any angle"},"content":{"rendered":"<p>Manufacturer code: 930046N00KK<\/p>\n<h2 class=\"h3\">Kong ANA anodized round frame O-Ring 25kN allows you to distribute the carabiner rope straps at any angle<\/h2>\n<p>Buckle \/ ring for connecting carabiners and mountaineering quickdraws. European product made to the highest standards.<\/p>\n<p><span class=\"HwtZe\" lang=\"pl\"><span class=\"jCAhz ChMk0b\"><span class=\"ryNqvb\">Marked with a serial number to accurately track the life of the product.<\/span><\/span><\/span><\/p>\n<p>Made from one piece of aluminum.<\/p>\n<p>Buckle dimensions<br \/>Width \/ height &#8211; 71mm<br \/>Thickness &#8211; 10 mm<br \/>Weight &#8211; 60g<\/p>\n<p>Strength &#8211; 25kN<\/p>\n<p>Compliance with standards:<\/p>\n<p>The subject of the declaration complies with Regulation (EC) 2016\/425 and with the harmonized standards of the European Union:<br \/>RfU PPE-R\/11.114:2018<br \/>Notified body<br \/>n\u00b0 0123 &#8211; T\u00dcV S\u00dcD Product Service Gmbh &#8211; Ridlersta\u00dfe 65, 80339 Munich, Germany<br \/>performed the EC type examination (module B) and issued the EC type examination certificate:<br \/>P5A 023385 0224 Rev. 00<br \/>The PPE is subject to a conformity assessment procedure based on quality assurance of the manufacturing process (module D) under the supervision of the notified body no. 2008 DOLOMITICERT s.c.ar.l. (Villanova 7, 32013 Longarone (BL), Italy).<br \/>RfU PPE-R\/11.135:2019<\/p>\n","protected":false},"excerpt":{"rendered":"<p>Buckle dimensions<br \/>Width \/ height &#8211; 71mm<br \/>Thickness &#8211; 10mm<br \/>Weight &#8211; 60g<\/p>\n","protected":false},"featured_media":7571,"comment_status":"closed","ping_status":"open","template":"","meta":{"_acf_changed":false},"product_brand":[],"product_cat":[1895,2029],"product_tag":[],"class_list":{"0":"post-7575","1":"product","2":"type-product","3":"status-publish","4":"has-post-thumbnail","6":"product_cat-frames","7":"product_cat-o-ring-d-ring-v-ring-o-ring-d-ring-v-ring-frames","8":"pa_akceptowana-grubosc-tasmy-not-applicable","9":"pa_kolor-klamry-ktl-black","10":"pa_pokrycie-klamry-ktl-coating-standard","11":"pa_szerokosc-klamry-45mm-2","12":"pa_typ-montazu-mounted","13":"pa_wytrzymalosc-klamry-22kn-2","15":"first","16":"instock","17":"purchasable","18":"product-type-simple"},"acf":[],"aioseo_notices":[],"_links":{"self":[{"href":"https:\/\/bayonet.invette.dev\/en\/wp-json\/wp\/v2\/product\/7575","targetHints":{"allow":["GET"]}}],"collection":[{"href":"https:\/\/bayonet.invette.dev\/en\/wp-json\/wp\/v2\/product"}],"about":[{"href":"https:\/\/bayonet.invette.dev\/en\/wp-json\/wp\/v2\/types\/product"}],"replies":[{"embeddable":true,"href":"https:\/\/bayonet.invette.dev\/en\/wp-json\/wp\/v2\/comments?post=7575"}],"wp:featuredmedia":[{"embeddable":true,"href":"https:\/\/bayonet.invette.dev\/en\/wp-json\/wp\/v2\/media\/7571"}],"wp:attachment":[{"href":"https:\/\/bayonet.invette.dev\/en\/wp-json\/wp\/v2\/media?parent=7575"}],"wp:term":[{"taxonomy":"product_brand","embeddable":true,"href":"https:\/\/bayonet.invette.dev\/en\/wp-json\/wp\/v2\/product_brand?post=7575"},{"taxonomy":"product_cat","embeddable":true,"href":"https:\/\/bayonet.invette.dev\/en\/wp-json\/wp\/v2\/product_cat?post=7575"},{"taxonomy":"product_tag","embeddable":true,"href":"https:\/\/bayonet.invette.dev\/en\/wp-json\/wp\/v2\/product_tag?post=7575"}],"curies":[{"name":"wp","href":"https:\/\/api.w.org\/{rel}","templated":true}]}}