{"id":7605,"date":"2025-08-04T21:03:50","date_gmt":"2025-08-04T19:03:50","guid":{"rendered":"https:\/\/bayonet.invette.dev\/produkt\/kong-lotor-big-black-anodized-round-frame-disconnectable-o-ring-24kn-internal-size-48mm-allows-you-to-distribute-the-carabiner-line-tapes-at-any-angle\/"},"modified":"2025-08-04T21:03:59","modified_gmt":"2025-08-04T19:03:59","slug":"kong-lotor-big-black-anodized-round-frame-disconnectable-o-ring-24kn-internal-size-48mm-allows-you-to-distribute-the-carabiner-line-tapes-at-any-angle","status":"publish","type":"product","link":"https:\/\/bayonet.invette.dev\/en\/product\/kong-lotor-big-black-anodized-round-frame-disconnectable-o-ring-24kn-internal-size-48mm-allows-you-to-distribute-the-carabiner-line-tapes-at-any-angle\/","title":{"rendered":"Kong LOTOR BIG Black anodized round frame DISCONNECTABLE O-Ring 24kN internal size 48mm allows you to distribute the carabiner line tapes at any angle"},"content":{"rendered":"<p>Manufacturer code: 96048NO00KK<\/p>\n<h2 class=\"h3\"><span class=\"HwtZe\" lang=\"en\"><span class=\"jCAhz ChMk0b\"><span class=\"ryNqvb\">Kong LOTOR BIG Black anodized round frame DISCONNECTABLE O-Ring 24kN allows you to distribute the carabiner line tapes at any angle<\/span><\/span><\/span><\/h2>\n<p>Multidirectional opening ring, suitable for semi-permanent connection of devices.<\/p>\n<p>Provides optimal load distribution in every position.<\/p>\n<p>Uniform load of 22 kN in all directions, tested according to the latest UIAA 130 (Load Sharing Device).<\/p>\n<p>Allows you to connect more than two devices, evenly distributing the load. <strong>Complies with the EN 362\/M standard with a load of 24 kN.<\/strong><\/p>\n<p>Wide opening of 15 mm, which allows the insertion of ropes with sewn ends. Removable gate with a screw that does not require the use of specialist tools, a simple flat screwdriver is enough.<\/p>\n<p>Asymmetric shape that eliminates the possibility of assembly error. The screw is equipped with a rubber seal that ensures optimal tightening without annoying vibrations.<\/p>\n<p>The body has a central flattening structure with raised edges that both increases the load-bearing capacity and protects the markings. Available in 2 sizes, with an internal diameter of 42 and 48 mm.<\/p>\n<p>Designed and manufactured entirely in Italy!<\/p>\n<p>Made from a single piece of aluminum.<\/p>\n<p>Buckle dimensions<br \/>Width &#8211; mm<br \/>Height &#8211; mm<br \/>Thickness &#8211; 12 mm<br \/>Weight &#8211; 75g<\/p>\n<p>Strength &#8211; 24kN<\/p>\n<p>Compliance with the standard:<\/p>\n<p>Personal Protective Equipment (PPE)<br \/>The subject of the declaration complies with Regulation (EC) 2016\/425 and with the harmonized standards of the European Union:<br \/>EN 362:2004 type M<\/p>\n<p>Notified body<br \/>n\u00b0 0123 &#8211; T\u00dcV S\u00dcD Product Service Gmbh &#8211; Ridlersta\u00dfe 65, 80339 Munich, Germany<br \/>performed the EC type examination (module B) and issued the EC type examination certificate:<br \/>P5A 23385 0261<br \/>The PPE is subject to a type conformity assessment procedure based on quality assurance of the manufacturing process (module D) under the supervision of the notified body No. 2008<\/p>\n<p>\u00a0<\/p>\n<p><iframe loading=\"lazy\" src=\"\/\/www.youtube.com\/embed\/hkFDmI5RX1U\" width=\"800\" height=\"314\" allowfullscreen=\"allowfullscreen\"><\/iframe><\/p>\n","protected":false},"excerpt":{"rendered":"<p>Buckle dimensions<br \/>Width &#8211; mm<br \/>Height &#8211; mm<br \/>Thickness &#8211; 12mm<br \/>Weight &#8211; 75g<\/p>\n","protected":false},"featured_media":7591,"comment_status":"closed","ping_status":"open","template":"","meta":{"_acf_changed":false},"product_brand":[],"product_cat":[1895,2029],"product_tag":[],"class_list":{"0":"post-7605","1":"product","2":"type-product","3":"status-publish","4":"has-post-thumbnail","6":"product_cat-frames","7":"product_cat-o-ring-d-ring-v-ring-o-ring-d-ring-v-ring-frames","9":"first","10":"instock","11":"purchasable","12":"product-type-simple"},"acf":[],"aioseo_notices":[],"_links":{"self":[{"href":"https:\/\/bayonet.invette.dev\/en\/wp-json\/wp\/v2\/product\/7605","targetHints":{"allow":["GET"]}}],"collection":[{"href":"https:\/\/bayonet.invette.dev\/en\/wp-json\/wp\/v2\/product"}],"about":[{"href":"https:\/\/bayonet.invette.dev\/en\/wp-json\/wp\/v2\/types\/product"}],"replies":[{"embeddable":true,"href":"https:\/\/bayonet.invette.dev\/en\/wp-json\/wp\/v2\/comments?post=7605"}],"wp:featuredmedia":[{"embeddable":true,"href":"https:\/\/bayonet.invette.dev\/en\/wp-json\/wp\/v2\/media\/7591"}],"wp:attachment":[{"href":"https:\/\/bayonet.invette.dev\/en\/wp-json\/wp\/v2\/media?parent=7605"}],"wp:term":[{"taxonomy":"product_brand","embeddable":true,"href":"https:\/\/bayonet.invette.dev\/en\/wp-json\/wp\/v2\/product_brand?post=7605"},{"taxonomy":"product_cat","embeddable":true,"href":"https:\/\/bayonet.invette.dev\/en\/wp-json\/wp\/v2\/product_cat?post=7605"},{"taxonomy":"product_tag","embeddable":true,"href":"https:\/\/bayonet.invette.dev\/en\/wp-json\/wp\/v2\/product_tag?post=7605"}],"curies":[{"name":"wp","href":"https:\/\/api.w.org\/{rel}","templated":true}]}}